{"id":27,"date":"2019-10-08T13:53:21","date_gmt":"2019-10-08T13:53:21","guid":{"rendered":"http:\/\/osteopathie-tratz.de\/?page_id=27"},"modified":"2025-03-27T18:45:31","modified_gmt":"2025-03-27T18:45:31","slug":"ueber-mich","status":"publish","type":"page","link":"https:\/\/osteopathie-tratz.de\/?page_id=27","title":{"rendered":"\u00dcber mich"},"content":{"rendered":"\n<style type=\"text\/css\" data-created_by=\"avia_inline_auto\" id=\"style-css-av-k1dkh3dh-49471b8818943f7f2ff77b12f445747e\">\n.avia-section.av-k1dkh3dh-49471b8818943f7f2ff77b12f445747e{\nbackground-repeat:no-repeat;\nbackground-image:url(https:\/\/osteopathie-tratz.de\/wp-content\/uploads\/2019\/10\/header.png);\nbackground-position:0% 0%;\nbackground-attachment:scroll;\nmargin-top:2%;\nmargin-bottom:0;\n}\n<\/style>\n<div id='av_section_1'  class='avia-section av-k1dkh3dh-49471b8818943f7f2ff77b12f445747e main_color avia-section-no-padding avia-no-border-styling  avia-builder-el-0  el_before_av_section  avia-builder-el-first  avia-bg-style-scroll av-minimum-height av-minimum-height-custom  container_wrap fullsize'  data-section-bg-repeat='no-repeat' data-av_minimum_height_px='500'><div class=\"av-section-color-overlay-wrap\"><a href='#next-section' title='' class='scroll-down-link ' aria-hidden='true' data-av_icon='\ue877' data-av_iconfont='entypo-fontello'><\/a><div class='container av-section-cont-open' style='height:500px'><main  role=\"main\" itemprop=\"mainContentOfPage\"  class='template-page content  av-content-full alpha units'><div class='post-entry post-entry-type-page post-entry-27'><div class='entry-content-wrapper clearfix'>\n<div class='flex_column_table av-k1dkws07-97d91b8ccee90634f204aa32c7a2efc2 sc-av_three_fifth av-equal-height-column-flextable'>\n<style type=\"text\/css\" data-created_by=\"avia_inline_auto\" id=\"style-css-av-k1dkws07-97d91b8ccee90634f204aa32c7a2efc2\">\n.flex_column.av-k1dkws07-97d91b8ccee90634f204aa32c7a2efc2{\n-webkit-border-radius:0px 0px 0px 0px;\n-moz-border-radius:0px 0px 0px 0px;\nborder-radius:0px 0px 0px 0px;\npadding:0 0 0 30px;\n}\n<\/style>\n<div class='flex_column av-k1dkws07-97d91b8ccee90634f204aa32c7a2efc2 av_three_fifth  avia-builder-el-1  el_before_av_one_third  avia-builder-el-first  first no_margin flex_column_table_cell av-equal-height-column av-align-middle '     ><p>\n<style type=\"text\/css\" data-created_by=\"avia_inline_auto\" id=\"style-css-av-k1dlb5ef-85206bec5e93d5ad3bf10aa17f675a9f\">\n#top .hr.av-k1dlb5ef-85206bec5e93d5ad3bf10aa17f675a9f{\nmargin-top:30px;\nmargin-bottom:10px;\n}\n.hr.av-k1dlb5ef-85206bec5e93d5ad3bf10aa17f675a9f .hr-inner{\nwidth:30px;\nborder-color:#ffffff;\n}\n<\/style>\n<div  class='hr av-k1dlb5ef-85206bec5e93d5ad3bf10aa17f675a9f hr-custom  avia-builder-el-2  el_before_av_textblock  avia-builder-el-first  hr-left hr-icon-no'><span class='hr-inner inner-border-av-border-fat'><span class=\"hr-inner-style\"><\/span><\/span><\/div><br \/>\n\n<style type=\"text\/css\" data-created_by=\"avia_inline_auto\" id=\"style-css-av-k1dktvl6-51fa2e473c0720a59f9d9dab8d87a1a7\">\n#top .av_textblock_section.av-k1dktvl6-51fa2e473c0720a59f9d9dab8d87a1a7 .avia_textblock{\nfont-size:40px;\ncolor:#ffffff;\n}\n<\/style>\n<section  class='av_textblock_section av-k1dktvl6-51fa2e473c0720a59f9d9dab8d87a1a7'  itemscope=\"itemscope\" itemtype=\"https:\/\/schema.org\/CreativeWork\" ><div class='avia_textblock av_inherit_color'  itemprop=\"text\" ><h1 class=\"p1\"><span class=\"s1\"><b>\u00dcber mich<\/b><\/span><\/h1>\n<\/div><\/section><\/p><\/div>\n<style type=\"text\/css\" data-created_by=\"avia_inline_auto\" id=\"style-css-av-10gct-1e4aeada90caa29f839d90b33e8392d6\">\n.flex_column.av-10gct-1e4aeada90caa29f839d90b33e8392d6{\n-webkit-border-radius:0px 0px 0px 0px;\n-moz-border-radius:0px 0px 0px 0px;\nborder-radius:0px 0px 0px 0px;\npadding:0px 0px 0px 0px;\n}\n<\/style>\n<div class='flex_column av-10gct-1e4aeada90caa29f839d90b33e8392d6 av_one_third  avia-builder-el-4  el_after_av_three_fifth  avia-builder-el-last  no_margin flex_column_table_cell av-equal-height-column av-align-middle av-zero-column-padding '     ><\/div><\/div><!--close column table wrapper. Autoclose: 1 -->\n\n<\/div><\/div><\/main><!-- close content main element --><\/div><\/div><\/div><div id='av_section_2'  class='avia-section av-322fz-48e9da69c9dcdf10ef293656fcceff6a main_color avia-section-default avia-no-border-styling  avia-builder-el-5  el_after_av_section  avia-builder-el-last  avia-bg-style-scroll container_wrap fullsize'  ><div class='container av-section-cont-open' ><div class='template-page content  av-content-full alpha units'><div class='post-entry post-entry-type-page post-entry-27'><div class='entry-content-wrapper clearfix'>\n\n<style type=\"text\/css\" data-created_by=\"avia_inline_auto\" id=\"style-css-av-2ur8z-bc55c8c6e60159ebee9b72d8975f0fed\">\n.flex_column.av-2ur8z-bc55c8c6e60159ebee9b72d8975f0fed{\n-webkit-border-radius:0px 0px 0px 0px;\n-moz-border-radius:0px 0px 0px 0px;\nborder-radius:0px 0px 0px 0px;\npadding:0px 0px 0px 0px;\n}\n<\/style>\n<div class='flex_column av-2ur8z-bc55c8c6e60159ebee9b72d8975f0fed av_one_half  avia-builder-el-6  el_before_av_one_half  avia-builder-el-first  first flex_column_div av-zero-column-padding '     ><p>\n<style type=\"text\/css\" data-created_by=\"avia_inline_auto\" id=\"style-css-av-k1espahg-bfbf4fc4100b28b584bfd88509511a28\">\n#top .hr.av-k1espahg-bfbf4fc4100b28b584bfd88509511a28{\nmargin-top:0;\nmargin-bottom:10px;\n}\n.hr.av-k1espahg-bfbf4fc4100b28b584bfd88509511a28 .hr-inner{\nwidth:30px;\nborder-color:#008ad3;\n}\n<\/style>\n<div  class='hr av-k1espahg-bfbf4fc4100b28b584bfd88509511a28 hr-custom  avia-builder-el-7  el_before_av_textblock  avia-builder-el-first  hr-left hr-icon-no'><span class='hr-inner inner-border-av-border-fat'><span class=\"hr-inner-style\"><\/span><\/span><\/div><br \/>\n<section  class='av_textblock_section av-k1erwgz8-e654c1583fd0bf2990aab58adb408bd5'  itemscope=\"itemscope\" itemtype=\"https:\/\/schema.org\/CreativeWork\" ><div class='avia_textblock'  itemprop=\"text\" ><h2 class=\"p1\"><span class=\"s1\"><b>&#8222;Dig on!&#8220;<\/b><\/span><\/h2>\n<\/div><\/section><br \/>\n<section  class='av_textblock_section av-k1os61n2-0c3fa1ed5db3b6f68d9752f17c6e45e7'  itemscope=\"itemscope\" itemtype=\"https:\/\/schema.org\/CreativeWork\" ><div class='avia_textblock'  itemprop=\"text\" ><p class=\"p1\"><strong><span class=\"s1\">Mein medizinisches Interesse f\u00fchrte mich von der Physiotherapie vor \u00fcber 30 Jahren, \u00fcber die manuelle Therapie zur Osteopathie. Nun bin ich bereits \u00fcber 15 Jahre als vielseitig interessierter Osteopath in K\u00f6ln t\u00e4tig. Meine Behandlungsschwerpunkte erweitern sich stetig, ver\u00e4ndern und intensivieren sich.<\/span><\/strong><\/p>\n<p class=\"p1\"><strong><span class=\"s1\">Die Medizin ist f\u00fcr mich st\u00e4ndig im Wandel, mit neuen Erkenntnissen, Sichtweisen und Behandlungsans\u00e4tzen.<\/span><\/strong><\/p>\n<p class=\"p1\"><strong><span class=\"s1\">Ein Leitsatz von A.T. Still, Begr\u00fcnder der Osteopathie , ist somit auch f\u00fcr mich pr\u00e4gend:<\/span><\/strong><\/p>\n<p class=\"p1\"><strong><span class=\"s1\">\u201cDig On!\u201c ( Grabe Weiter!).<\/span><\/strong><\/p>\n<\/div><\/section><\/p><\/div>\n<style type=\"text\/css\" data-created_by=\"avia_inline_auto\" id=\"style-css-av-228xr-d574eeecb78dfe37d2a3c29c5ee745e4\">\n.flex_column.av-228xr-d574eeecb78dfe37d2a3c29c5ee745e4{\n-webkit-border-radius:0px 0px 0px 0px;\n-moz-border-radius:0px 0px 0px 0px;\nborder-radius:0px 0px 0px 0px;\npadding:0px 0px 0px 0px;\n}\n<\/style>\n<div class='flex_column av-228xr-d574eeecb78dfe37d2a3c29c5ee745e4 av_one_half  avia-builder-el-10  el_after_av_one_half  el_before_av_one_half  flex_column_div av-zero-column-padding '     ><\/div>\n<style type=\"text\/css\" data-created_by=\"avia_inline_auto\" id=\"style-css-av-1q2wb-d6068df76a37a03ab217abe4b26292a2\">\n.flex_column.av-1q2wb-d6068df76a37a03ab217abe4b26292a2{\n-webkit-border-radius:0px 0px 0px 0px;\n-moz-border-radius:0px 0px 0px 0px;\nborder-radius:0px 0px 0px 0px;\npadding:0px 0px 0px 0px;\n}\n<\/style>\n<div class='flex_column av-1q2wb-d6068df76a37a03ab217abe4b26292a2 av_one_half  avia-builder-el-11  el_after_av_one_half  el_before_av_one_half  first flex_column_div av-zero-column-padding column-top-margin'     ><p>\n<style type=\"text\/css\" data-created_by=\"avia_inline_auto\" id=\"style-css-av-k1espahg-2-28c7b5efb62eab9be844d8627e002dd7\">\n#top .hr.av-k1espahg-2-28c7b5efb62eab9be844d8627e002dd7{\nmargin-top:0;\nmargin-bottom:10px;\n}\n.hr.av-k1espahg-2-28c7b5efb62eab9be844d8627e002dd7 .hr-inner{\nwidth:30px;\nborder-color:#008ad3;\n}\n<\/style>\n<div  class='hr av-k1espahg-2-28c7b5efb62eab9be844d8627e002dd7 hr-custom  avia-builder-el-12  el_before_av_textblock  avia-builder-el-first  hr-left hr-icon-no'><span class='hr-inner inner-border-av-border-fat'><span class=\"hr-inner-style\"><\/span><\/span><\/div><br \/>\n<section  class='av_textblock_section av-k1erwgz8-1-df64d89a25e3958fb784397a6b2f7349'  itemscope=\"itemscope\" itemtype=\"https:\/\/schema.org\/CreativeWork\" ><div class='avia_textblock'  itemprop=\"text\" ><h2 class=\"p1\"><span class=\"s1\"><b>Vita<\/b><\/span><\/h2>\n<\/div><\/section><br \/>\n\n<style type=\"text\/css\" data-created_by=\"avia_inline_auto\" id=\"style-css-av-k1esdala-634fd0cb33ceb83985337608feba17a3\">\n#top .av_textblock_section.av-k1esdala-634fd0cb33ceb83985337608feba17a3 .avia_textblock{\nfont-size:20px;\n}\n<\/style>\n<section  class='av_textblock_section av-k1esdala-634fd0cb33ceb83985337608feba17a3'  itemscope=\"itemscope\" itemtype=\"https:\/\/schema.org\/CreativeWork\" ><div class='avia_textblock'  itemprop=\"text\" ><p class=\"p1\"><span class=\"s1\">1996-1999<span class=\"Apple-converted-space\"><br \/>\n<\/span>Ausbildung zum staatlich anerkannten Physiotherapeuten<\/span><\/p>\n<p class=\"p1\"><span class=\"s1\">2001-2002<span class=\"Apple-converted-space\"><br \/>\n<\/span>Fortbildungen in der Nervenmobilisation nach D. Butler \/ NOI<\/span><\/p>\n<p class=\"p1\"><span class=\"s1\">2000-2002<span class=\"Apple-converted-space\"><br \/>\n<\/span>Zertifizierte Ausbildung in der \u201cManuellen Therapie\u201c des ZVK<\/span><\/p>\n<p class=\"p1\"><span class=\"s1\">2004<br \/>\nAusbildung zum R\u00fcckenschulinstruktor des IFK<\/span><\/p>\n<p class=\"p1\"><span class=\"s1\">2005-2010<span class=\"Apple-converted-space\"><br \/>\n<\/span>Erfolgreich abgeschlossene 5 j\u00e4hrige Ausbildung zum Osteopathen beim IFAO\u00a0<\/span><span class=\"s1\">nach der Pr\u00fcfungsordnung des BAO e.V <\/span><span class=\"s1\">(Anerkennung durch gesetzliche Krankenkassen)<\/span><\/p>\n<p class=\"p1\"><span class=\"s1\">2010-2012<br \/>\nerfolgreich abgeschlossene Ausbildung zum S\u00e4uglings und Kleinkinder\u00a0<\/span><span class=\"s1\">Osteopathen beim IFAO<\/span><\/p>\n<p class=\"p1\"><span class=\"s1\">2012<br \/>\nManuelle Therapie nach Typaldos <\/span><span class=\"s1\">(Faszien Distorsions Model \/FDM)<\/span><\/p>\n<p class=\"p1\"><span class=\"s1\">2013<br \/>\nMedical Taping Concept \/ kinesiologisches Tapen<\/span><\/p>\n<p class=\"p1\"><span class=\"s1\">2013<br \/>\nErlaubnis zur Aus\u00fcbung der Heilkunde auf dem Gebiet der Physiotherapie <\/span><span class=\"s1\">Heilpraktiker (Physiotherapie)<\/span><\/p>\n<p>2015<br \/>\nfunktionelle Kieferbehandlung ( Philipp van Caille )<\/p>\n<p class=\"p1\"><span class=\"s1\">2016<br \/>\nAusbildung der Faszien Distorsion Model nach Typaldos bei der AIM<\/span><\/p>\n<p class=\"p1\"><span class=\"s1\">2018<br \/>\nAbschluss der Heilpraktikerausbildung<\/span><\/p>\n<p class=\"p1\"><span class=\"s1\">2018<br \/>\nAusbildung im Dry Needling (DGS- Academy)<\/span><\/p>\n<p class=\"p1\"><span class=\"s1\">2019<br \/>\nAusbildung Yamamoto Sch\u00e4delakupunktur (YNSA) bei der AIM<\/span><\/p>\n<p>2022-2023<br \/>\nApplied Kinesiology Ausbildung mit dem D\u00c4GAK Basis Diplom<\/p>\n<p>2024<br \/>\nerweiterte Injury &#8211; Recall &#8211; Technique ( eIRT ) Ausbildung<\/p>\n<p>2025<br \/>\nMikron\u00e4hrstoff Coach Ausbildung<\/p>\n<\/div><\/section><\/p><\/div>\n<style type=\"text\/css\" data-created_by=\"avia_inline_auto\" id=\"style-css-av-10263-da0c8b0e6447fb355edeb804eebdfa51\">\n.flex_column.av-10263-da0c8b0e6447fb355edeb804eebdfa51{\n-webkit-border-radius:0px 0px 0px 0px;\n-moz-border-radius:0px 0px 0px 0px;\nborder-radius:0px 0px 0px 0px;\npadding:0px 0px 0px 0px;\n}\n<\/style>\n<div class='flex_column av-10263-da0c8b0e6447fb355edeb804eebdfa51 av_one_half  avia-builder-el-15  el_after_av_one_half  avia-builder-el-last  flex_column_div av-zero-column-padding column-top-margin'     ><\/div>\n","protected":false},"excerpt":{"rendered":"","protected":false},"author":1,"featured_media":0,"parent":0,"menu_order":1,"comment_status":"closed","ping_status":"closed","template":"","meta":[],"_links":{"self":[{"href":"https:\/\/osteopathie-tratz.de\/index.php?rest_route=\/wp\/v2\/pages\/27"}],"collection":[{"href":"https:\/\/osteopathie-tratz.de\/index.php?rest_route=\/wp\/v2\/pages"}],"about":[{"href":"https:\/\/osteopathie-tratz.de\/index.php?rest_route=\/wp\/v2\/types\/page"}],"author":[{"embeddable":true,"href":"https:\/\/osteopathie-tratz.de\/index.php?rest_route=\/wp\/v2\/users\/1"}],"replies":[{"embeddable":true,"href":"https:\/\/osteopathie-tratz.de\/index.php?rest_route=%2Fwp%2Fv2%2Fcomments&post=27"}],"version-history":[{"count":14,"href":"https:\/\/osteopathie-tratz.de\/index.php?rest_route=\/wp\/v2\/pages\/27\/revisions"}],"predecessor-version":[{"id":245,"href":"https:\/\/osteopathie-tratz.de\/index.php?rest_route=\/wp\/v2\/pages\/27\/revisions\/245"}],"wp:attachment":[{"href":"https:\/\/osteopathie-tratz.de\/index.php?rest_route=%2Fwp%2Fv2%2Fmedia&parent=27"}],"curies":[{"name":"wp","href":"https:\/\/api.w.org\/{rel}","templated":true}]}}