{"id":239,"date":"2025-03-14T14:03:10","date_gmt":"2025-03-14T14:03:10","guid":{"rendered":"https:\/\/osteopathie-tratz.de\/?page_id=239"},"modified":"2025-03-14T14:03:10","modified_gmt":"2025-03-14T14:03:10","slug":"irt","status":"publish","type":"page","link":"https:\/\/osteopathie-tratz.de\/?page_id=239","title":{"rendered":"IRT"},"content":{"rendered":"\n<style type=\"text\/css\" data-created_by=\"avia_inline_auto\" id=\"style-css-av-m88ukbxo-47376d80270aac46ad18860137e4333c\">\n.avia-section.av-m88ukbxo-47376d80270aac46ad18860137e4333c{\nbackground-repeat:no-repeat;\nbackground-image:url(https:\/\/osteopathie-tratz.de\/wp-content\/uploads\/2025\/03\/02_Header_Therapie3.jpg);\nbackground-position:0% 0%;\nbackground-attachment:scroll;\nmargin-top:4%;\nmargin-bottom:0;\n}\n<\/style>\n<div id='av_section_1'  class='avia-section av-m88ukbxo-47376d80270aac46ad18860137e4333c main_color avia-section-no-padding avia-no-border-styling  avia-builder-el-0  el_before_av_section  avia-builder-el-first  avia-bg-style-scroll av-minimum-height av-minimum-height-custom  container_wrap fullsize'  data-section-bg-repeat='no-repeat' data-av_minimum_height_px='500'><div class='container av-section-cont-open' style='height:500px'><main  role=\"main\" itemprop=\"mainContentOfPage\"  class='template-page content  av-content-full alpha units'><div class='post-entry post-entry-type-page post-entry-239'><div class='entry-content-wrapper clearfix'>\n<div class='flex_column_table av-16s333-7ee085f4d0c80669b2fffa6a0b7bd41c sc-av_three_fifth av-equal-height-column-flextable'>\n<style type=\"text\/css\" data-created_by=\"avia_inline_auto\" id=\"style-css-av-16s333-7ee085f4d0c80669b2fffa6a0b7bd41c\">\n.flex_column.av-16s333-7ee085f4d0c80669b2fffa6a0b7bd41c{\n-webkit-border-radius:0px 0px 0px 0px;\n-moz-border-radius:0px 0px 0px 0px;\nborder-radius:0px 0px 0px 0px;\npadding:0 0 0 30px;\n}\n<\/style>\n<div class='flex_column av-16s333-7ee085f4d0c80669b2fffa6a0b7bd41c av_three_fifth  avia-builder-el-1  el_before_av_one_third  avia-builder-el-first  first no_margin flex_column_table_cell av-equal-height-column av-align-middle '     ><p>\n<style type=\"text\/css\" data-created_by=\"avia_inline_auto\" id=\"style-css-av-3zztr-b602761638429926970d16810ca4950d\">\n#top .hr.av-3zztr-b602761638429926970d16810ca4950d{\nmargin-top:30px;\nmargin-bottom:10px;\n}\n.hr.av-3zztr-b602761638429926970d16810ca4950d .hr-inner{\nwidth:30px;\nborder-color:#ffffff;\n}\n<\/style>\n<div  class='hr av-3zztr-b602761638429926970d16810ca4950d hr-custom  avia-builder-el-2  el_before_av_textblock  avia-builder-el-first  hr-left hr-icon-no'><span class='hr-inner inner-border-av-border-fat'><span class=\"hr-inner-style\"><\/span><\/span><\/div><br \/>\n\n<style type=\"text\/css\" data-created_by=\"avia_inline_auto\" id=\"style-css-av-m88tx5bn-2208cd600edfb5a27f27340730572008\">\n#top .av_textblock_section.av-m88tx5bn-2208cd600edfb5a27f27340730572008 .avia_textblock{\nfont-size:40px;\ncolor:#ffffff;\n}\n<\/style>\n<section  class='av_textblock_section av-m88tx5bn-2208cd600edfb5a27f27340730572008'  itemscope=\"itemscope\" itemtype=\"https:\/\/schema.org\/CreativeWork\" ><div class='avia_textblock av_inherit_color'  itemprop=\"text\" ><h1 class=\"p1\">IRT<\/h1>\n<\/div><\/section><\/p><\/div>\n<style type=\"text\/css\" data-created_by=\"avia_inline_auto\" id=\"style-css-av-vr81r-b1fd1b529cd2f7c8ea8db9b4c0c5959c\">\n.flex_column.av-vr81r-b1fd1b529cd2f7c8ea8db9b4c0c5959c{\n-webkit-border-radius:0px 0px 0px 0px;\n-moz-border-radius:0px 0px 0px 0px;\nborder-radius:0px 0px 0px 0px;\npadding:0px 0px 0px 0px;\n}\n<\/style>\n<div class='flex_column av-vr81r-b1fd1b529cd2f7c8ea8db9b4c0c5959c av_one_third  avia-builder-el-4  el_after_av_three_fifth  avia-builder-el-last  no_margin flex_column_table_cell av-equal-height-column av-align-middle av-zero-column-padding '     ><\/div><\/div><!--close column table wrapper. Autoclose: 1 --><\/div><\/div><\/main><!-- close content main element --><\/div><\/div>\n<style type=\"text\/css\" data-created_by=\"avia_inline_auto\" id=\"style-css-av-ow14n-76e18701ba56d8ab3d82843b8181963f\">\n.avia-section.av-ow14n-76e18701ba56d8ab3d82843b8181963f{\nmargin-top:5%;\nmargin-bottom:0;\n}\n<\/style>\n<div id='av_section_2'  class='avia-section av-ow14n-76e18701ba56d8ab3d82843b8181963f main_color avia-section-no-padding avia-no-border-styling  avia-builder-el-5  el_after_av_section  avia-builder-el-last  avia-bg-style-scroll av-minimum-height av-minimum-height-custom  container_wrap fullsize'   data-av_minimum_height_px='550'><div class='container av-section-cont-open' style='height:550px'><div class='template-page content  av-content-full alpha units'><div class='post-entry post-entry-type-page post-entry-239'><div class='entry-content-wrapper clearfix'>\n<div class='flex_column_table av-mren3-6ebe92c24151e57827b18172b5e85a91 sc-av_one_half av-equal-height-column-flextable'>\n<style type=\"text\/css\" data-created_by=\"avia_inline_auto\" id=\"style-css-av-mren3-6ebe92c24151e57827b18172b5e85a91\">\n#top .flex_column_table.av-equal-height-column-flextable.av-mren3-6ebe92c24151e57827b18172b5e85a91{\nmargin-top:0px;\nmargin-bottom:0px;\n}\n.flex_column.av-mren3-6ebe92c24151e57827b18172b5e85a91{\n-webkit-border-radius:0px 0px 0px 0px;\n-moz-border-radius:0px 0px 0px 0px;\nborder-radius:0px 0px 0px 0px;\npadding:0px 5% 0px 0px;\n}\n<\/style>\n<div class='flex_column av-mren3-6ebe92c24151e57827b18172b5e85a91 av_one_half  avia-builder-el-6  el_before_av_one_half  avia-builder-el-first  first flex_column_table_cell av-equal-height-column av-align-middle '     ><p>\n<style type=\"text\/css\" data-created_by=\"avia_inline_auto\" id=\"style-css-av-efsdj-fd0f3dd779adecd5b243e85285480e8a\">\n#top .hr.av-efsdj-fd0f3dd779adecd5b243e85285480e8a{\nmargin-top:0;\nmargin-bottom:10px;\n}\n.hr.av-efsdj-fd0f3dd779adecd5b243e85285480e8a .hr-inner{\nwidth:30px;\nborder-color:#008ad3;\n}\n<\/style>\n<div  class='hr av-efsdj-fd0f3dd779adecd5b243e85285480e8a hr-custom  avia-builder-el-7  el_before_av_textblock  avia-builder-el-first  hr-left hr-icon-no'><span class='hr-inner inner-border-av-border-fat'><span class=\"hr-inner-style\"><\/span><\/span><\/div><br \/>\n<section  class='av_textblock_section av-m88tx9h3-af06e6ec97be44f42dfd30f23ceeffaf'  itemscope=\"itemscope\" itemtype=\"https:\/\/schema.org\/CreativeWork\" ><div class='avia_textblock'  itemprop=\"text\" ><h2 class=\"p1\"><span class=\"s1\">Was ist IRT?<\/span><\/h2>\n<\/div><\/section><br \/>\n\n<style type=\"text\/css\" data-created_by=\"avia_inline_auto\" id=\"style-css-av-m88u0cr5-a4f4de43c2a07da328604655cc485b52\">\n#top .av_textblock_section.av-m88u0cr5-a4f4de43c2a07da328604655cc485b52 .avia_textblock{\nfont-size:20px;\n}\n<\/style>\n<section  class='av_textblock_section av-m88u0cr5-a4f4de43c2a07da328604655cc485b52'  itemscope=\"itemscope\" itemtype=\"https:\/\/schema.org\/CreativeWork\" ><div class='avia_textblock'  itemprop=\"text\" ><p><strong>IRT<\/strong> bedeutet Injury Recall Technique und beinhaltet ein altes Verletzungsmuster, eine K\u00f6rpererinnerung an ein fr\u00fcher stattgefundenes Trauma. Diese K\u00f6rpererinnerung wird mittels IRT aktiviert und ausfindig gemacht, um es anschlie\u00dfend zu behandeln und abzubauen.<\/p>\n<p>Die Injury Recall Technique geht auf Forschungen des amerikanischen Chiroprakters Walther Schmitt D.C. in den 80 er Jahren zur\u00fcck und wurde durch die deutschen \u00c4rzte Dr. M. Brunck und Dr. D. Becker weiterentwickelt. Viele unserer Beschwerden befinden sich auf einer k\u00f6rperlichen Ebene (z.B. Muskelfehlspannungen, Blockierungen der Wirbels\u00e4ule) aber auch auf Ebene eines Organes (z.B. Regulationsst\u00f6rung des Darms). Diese Beschwerdebilder gehen oftmals zur\u00fcck auf ein altes Verletzungsmuster, bzw. an eine K\u00f6rpererinnerung an ein altes Trauma.<\/p>\n<p>Es gibt neben dem bekannten psychischen Traumen auch Traumen auf k\u00f6rperlicher Ebene und somit k\u00f6rperliche Trauma Erinnerungen. Diese Traumen f\u00fchren zu einer wesentlichen Beeinflussung im neurologischen System.<\/p>\n<p>Eine Verletzung, ein Trauma kann eine alte Fraktur, ein Geburtstrauma, eine Operation, Narben, Zahnbehandlungen, Unf\u00e4lle z.B. Reitunf\u00e4lle, Verkehrsunf\u00e4lle und vieles mehr sein.<\/p>\n<p>Ein solches k\u00f6rperliches Trauma hinterl\u00e4sst eine Erinnerungsspur in unserem Nervensystem. Diese Erinnerungsspur, welche immer wieder z. B. durch Bewegung der alten Narbe aktiviert wird, ver\u00e4ndert unsere Steuerungsprozesse im Nervensystem. Sie f\u00fchrt zu k\u00f6rperlichen Instabilit\u00e4ten in der Haltung, zu Muskeln, die nicht richtig angesteuert werden und k\u00f6nnen somit keine Kraft aufbauen. Auf Grundlage dieser gest\u00f6rten Steuerungsprozesse kann es zu k\u00f6rperlichen Beschwerden kommen.<\/p>\n<p>In der IRT nutzt man Muskeltestungen aus der Applied Kinesiology, um solche Steuerungsdefizite sichtbar zu machen. Denn unsere Muskeln sind sehr gut mit unserem Nervensystem verkn\u00fcpft.<\/p>\n<p>\u00dcber erkannte muskul\u00e4re Steuerungsdefizite kann der Therapeut im K\u00f6rper nach Regionen suchen, welche die Steuerungsprozesse wieder normalisieren.<\/p>\n<p>Es wird also die Erinnerungsschleife an ein k\u00f6rperliches Trauma aktiviert, um dann die Signale durch verschiedene Techniken zu unterbrechen. Die Techniken k\u00f6nnen aus der Osteopathie, Reflexpunkte, Akupunkturpunkte und viele mehr sein.<\/p>\n<\/div><\/section><\/p><\/div><div class='av-flex-placeholder'><\/div>\n<style type=\"text\/css\" data-created_by=\"avia_inline_auto\" id=\"style-css-av-72tsn-bfdf29428d48244812d5314328b2dd99\">\n#top .flex_column_table.av-equal-height-column-flextable.av-72tsn-bfdf29428d48244812d5314328b2dd99{\nmargin-top:0px;\nmargin-bottom:0px;\n}\n.flex_column.av-72tsn-bfdf29428d48244812d5314328b2dd99{\n-webkit-border-radius:0px 0px 0px 0px;\n-moz-border-radius:0px 0px 0px 0px;\nborder-radius:0px 0px 0px 0px;\npadding:0px 0px 0px 0px;\n}\n<\/style>\n<div class='flex_column av-72tsn-bfdf29428d48244812d5314328b2dd99 av_one_half  avia-builder-el-10  el_after_av_one_half  avia-builder-el-last  flex_column_table_cell av-equal-height-column av-align-middle av-zero-column-padding '     ><style type=\"text\/css\" data-created_by=\"avia_inline_auto\" id=\"style-css-av-m88ufksw-422c8ccdf2c954c2875dfdeedfca8245\">\n.avia-image-container.av-m88ufksw-422c8ccdf2c954c2875dfdeedfca8245 img.avia_image{\nbox-shadow:none;\n}\n.avia-image-container.av-m88ufksw-422c8ccdf2c954c2875dfdeedfca8245 .av-image-caption-overlay-center{\ncolor:#ffffff;\n}\n<\/style>\n<div  class='avia-image-container av-m88ufksw-422c8ccdf2c954c2875dfdeedfca8245 av-styling-no-styling avia-align-right  avia-builder-el-11  avia-builder-el-no-sibling '   itemprop=\"image\" itemscope=\"itemscope\" itemtype=\"https:\/\/schema.org\/ImageObject\" ><div class=\"avia-image-container-inner\"><div class=\"avia-image-overlay-wrap\"><img class='wp-image-240 avia-img-lazy-loading-not-240 avia_image ' src='https:\/\/osteopathie-tratz.de\/wp-content\/uploads\/2025\/03\/midjourneykr_Professional_photo_Image_of_Applied_Kinesiology__22f2a3e4-5f47-4a34-92bb-e8d4ac4a666f_3-845x684.png' alt='' title='midjourneykr_Professional_photo_Image_of_Applied_Kinesiology__22f2a3e4-5f47-4a34-92bb-e8d4ac4a666f_3'  height=\"684\" width=\"845\"  itemprop=\"thumbnailUrl\"  \/><\/div><\/div><\/div><\/div><\/div><!--close column table wrapper. Autoclose: 1 --><\/p>\n","protected":false},"excerpt":{"rendered":"","protected":false},"author":1,"featured_media":0,"parent":25,"menu_order":0,"comment_status":"closed","ping_status":"closed","template":"","meta":[],"_links":{"self":[{"href":"https:\/\/osteopathie-tratz.de\/index.php?rest_route=\/wp\/v2\/pages\/239"}],"collection":[{"href":"https:\/\/osteopathie-tratz.de\/index.php?rest_route=\/wp\/v2\/pages"}],"about":[{"href":"https:\/\/osteopathie-tratz.de\/index.php?rest_route=\/wp\/v2\/types\/page"}],"author":[{"embeddable":true,"href":"https:\/\/osteopathie-tratz.de\/index.php?rest_route=\/wp\/v2\/users\/1"}],"replies":[{"embeddable":true,"href":"https:\/\/osteopathie-tratz.de\/index.php?rest_route=%2Fwp%2Fv2%2Fcomments&post=239"}],"version-history":[{"count":2,"href":"https:\/\/osteopathie-tratz.de\/index.php?rest_route=\/wp\/v2\/pages\/239\/revisions"}],"predecessor-version":[{"id":243,"href":"https:\/\/osteopathie-tratz.de\/index.php?rest_route=\/wp\/v2\/pages\/239\/revisions\/243"}],"up":[{"embeddable":true,"href":"https:\/\/osteopathie-tratz.de\/index.php?rest_route=\/wp\/v2\/pages\/25"}],"wp:attachment":[{"href":"https:\/\/osteopathie-tratz.de\/index.php?rest_route=%2Fwp%2Fv2%2Fmedia&parent=239"}],"curies":[{"name":"wp","href":"https:\/\/api.w.org\/{rel}","templated":true}]}}