{"id":139,"date":"2019-10-08T14:35:23","date_gmt":"2019-10-08T14:35:23","guid":{"rendered":"https:\/\/osteopathie-tratz.de\/?page_id=139"},"modified":"2019-10-08T15:11:20","modified_gmt":"2019-10-08T15:11:20","slug":"osteopathie-fuer-kinder-und-saeuglinge","status":"publish","type":"page","link":"https:\/\/osteopathie-tratz.de\/?page_id=139","title":{"rendered":"Osteopathie f\u00fcr Kleinkinder und S\u00e4uglinge"},"content":{"rendered":"\n<style type=\"text\/css\" data-created_by=\"avia_inline_auto\" id=\"style-css-av-k1dkh3dh-1f2ee7e52d5c47572060c1432545cf22\">\n.avia-section.av-k1dkh3dh-1f2ee7e52d5c47572060c1432545cf22{\nbackground-repeat:no-repeat;\nbackground-image:url(https:\/\/osteopathie-tratz.de\/wp-content\/uploads\/2019\/10\/02_Header_Kinder.png);\nbackground-position:0% 0%;\nbackground-attachment:scroll;\nmargin-top:2%;\nmargin-bottom:0;\n}\n<\/style>\n<div id='av_section_1'  class='avia-section av-k1dkh3dh-1f2ee7e52d5c47572060c1432545cf22 main_color avia-section-no-padding avia-no-border-styling  avia-builder-el-0  el_before_av_section  avia-builder-el-first  avia-bg-style-scroll av-minimum-height av-minimum-height-custom  container_wrap fullsize'  data-section-bg-repeat='no-repeat' data-av_minimum_height_px='500'><div class=\"av-section-color-overlay-wrap\"><a href='#next-section' title='' class='scroll-down-link ' aria-hidden='true' data-av_icon='\ue877' data-av_iconfont='entypo-fontello'><\/a><div class='container av-section-cont-open' style='height:500px'><main  role=\"main\" itemprop=\"mainContentOfPage\"  class='template-page content  av-content-full alpha units'><div class='post-entry post-entry-type-page post-entry-139'><div class='entry-content-wrapper clearfix'>\n<div class='flex_column_table av-k1dkws07-97d91b8ccee90634f204aa32c7a2efc2 sc-av_three_fifth av-equal-height-column-flextable'>\n<style type=\"text\/css\" data-created_by=\"avia_inline_auto\" id=\"style-css-av-k1dkws07-97d91b8ccee90634f204aa32c7a2efc2\">\n.flex_column.av-k1dkws07-97d91b8ccee90634f204aa32c7a2efc2{\n-webkit-border-radius:0px 0px 0px 0px;\n-moz-border-radius:0px 0px 0px 0px;\nborder-radius:0px 0px 0px 0px;\npadding:0 0 0 30px;\n}\n<\/style>\n<div class='flex_column av-k1dkws07-97d91b8ccee90634f204aa32c7a2efc2 av_three_fifth  avia-builder-el-1  el_before_av_one_third  avia-builder-el-first  first no_margin flex_column_table_cell av-equal-height-column av-align-middle '     ><p>\n<style type=\"text\/css\" data-created_by=\"avia_inline_auto\" id=\"style-css-av-k1dlb5ef-85206bec5e93d5ad3bf10aa17f675a9f\">\n#top .hr.av-k1dlb5ef-85206bec5e93d5ad3bf10aa17f675a9f{\nmargin-top:30px;\nmargin-bottom:10px;\n}\n.hr.av-k1dlb5ef-85206bec5e93d5ad3bf10aa17f675a9f .hr-inner{\nwidth:30px;\nborder-color:#ffffff;\n}\n<\/style>\n<div  class='hr av-k1dlb5ef-85206bec5e93d5ad3bf10aa17f675a9f hr-custom  avia-builder-el-2  el_before_av_textblock  avia-builder-el-first  hr-left hr-icon-no'><span class='hr-inner inner-border-av-border-fat'><span class=\"hr-inner-style\"><\/span><\/span><\/div><br \/>\n\n<style type=\"text\/css\" data-created_by=\"avia_inline_auto\" id=\"style-css-av-k1dktvl6-51fa2e473c0720a59f9d9dab8d87a1a7\">\n#top .av_textblock_section.av-k1dktvl6-51fa2e473c0720a59f9d9dab8d87a1a7 .avia_textblock{\nfont-size:40px;\ncolor:#ffffff;\n}\n<\/style>\n<section  class='av_textblock_section av-k1dktvl6-51fa2e473c0720a59f9d9dab8d87a1a7'  itemscope=\"itemscope\" itemtype=\"https:\/\/schema.org\/CreativeWork\" ><div class='avia_textblock av_inherit_color'  itemprop=\"text\" ><h1 class=\"p1\"><span class=\"s1\">Osteopathie f\u00fcr S\u00e4uglinge und Kinder<\/span><\/h1>\n<\/div><\/section><\/p><\/div>\n<style type=\"text\/css\" data-created_by=\"avia_inline_auto\" id=\"style-css-av-10gct-1e4aeada90caa29f839d90b33e8392d6\">\n.flex_column.av-10gct-1e4aeada90caa29f839d90b33e8392d6{\n-webkit-border-radius:0px 0px 0px 0px;\n-moz-border-radius:0px 0px 0px 0px;\nborder-radius:0px 0px 0px 0px;\npadding:0px 0px 0px 0px;\n}\n<\/style>\n<div class='flex_column av-10gct-1e4aeada90caa29f839d90b33e8392d6 av_one_third  avia-builder-el-4  el_after_av_three_fifth  avia-builder-el-last  no_margin flex_column_table_cell av-equal-height-column av-align-middle av-zero-column-padding '     ><\/div><\/div><!--close column table wrapper. Autoclose: 1 -->\n\n<\/div><\/div><\/main><!-- close content main element --><\/div><\/div><\/div>\n<style type=\"text\/css\" data-created_by=\"avia_inline_auto\" id=\"style-css-av-k1ervmml-732f1077f746f560b41ce775069fba86\">\n.avia-section.av-k1ervmml-732f1077f746f560b41ce775069fba86{\nmargin-top:5%;\nmargin-bottom:0;\n}\n<\/style>\n<div id='av_section_2'  class='avia-section av-k1ervmml-732f1077f746f560b41ce775069fba86 main_color avia-section-no-padding avia-no-border-styling  avia-builder-el-5  el_after_av_section  el_before_av_section  avia-bg-style-scroll av-minimum-height av-minimum-height-custom  container_wrap fullsize'   data-av_minimum_height_px='550'><div class='container av-section-cont-open' style='height:550px'><div class='template-page content  av-content-full alpha units'><div class='post-entry post-entry-type-page post-entry-139'><div class='entry-content-wrapper clearfix'>\n<div class='flex_column_table av-w9i9-1bbd616688d32c2ba7fd81e26e80bc0d sc-av_one_half av-equal-height-column-flextable'>\n<style type=\"text\/css\" data-created_by=\"avia_inline_auto\" id=\"style-css-av-w9i9-1bbd616688d32c2ba7fd81e26e80bc0d\">\n#top .flex_column_table.av-equal-height-column-flextable.av-w9i9-1bbd616688d32c2ba7fd81e26e80bc0d{\nmargin-top:0px;\nmargin-bottom:0px;\n}\n.flex_column.av-w9i9-1bbd616688d32c2ba7fd81e26e80bc0d{\n-webkit-border-radius:0px 0px 0px 0px;\n-moz-border-radius:0px 0px 0px 0px;\nborder-radius:0px 0px 0px 0px;\npadding:0px 5% 0px 0px;\n}\n<\/style>\n<div class='flex_column av-w9i9-1bbd616688d32c2ba7fd81e26e80bc0d av_one_half  avia-builder-el-6  el_before_av_one_half  avia-builder-el-first  first flex_column_table_cell av-equal-height-column av-align-middle '     ><p>\n<style type=\"text\/css\" data-created_by=\"avia_inline_auto\" id=\"style-css-av-k1espahg-bfbf4fc4100b28b584bfd88509511a28\">\n#top .hr.av-k1espahg-bfbf4fc4100b28b584bfd88509511a28{\nmargin-top:0;\nmargin-bottom:10px;\n}\n.hr.av-k1espahg-bfbf4fc4100b28b584bfd88509511a28 .hr-inner{\nwidth:30px;\nborder-color:#008ad3;\n}\n<\/style>\n<div  class='hr av-k1espahg-bfbf4fc4100b28b584bfd88509511a28 hr-custom  avia-builder-el-7  el_before_av_textblock  avia-builder-el-first  hr-left hr-icon-no'><span class='hr-inner inner-border-av-border-fat'><span class=\"hr-inner-style\"><\/span><\/span><\/div><br \/>\n<section  class='av_textblock_section av-k1erwgz8-c8c63d2bd88d24d5d9a9bd52e0c2294a'  itemscope=\"itemscope\" itemtype=\"https:\/\/schema.org\/CreativeWork\" ><div class='avia_textblock av_inherit_color'  itemprop=\"text\" ><h2 class=\"p1\"><span class=\"s1\">Osteopathie f\u00fcr S\u00e4uglinge und Kinder<\/span><\/h2>\n<\/div><\/section><br \/>\n\n<style type=\"text\/css\" data-created_by=\"avia_inline_auto\" id=\"style-css-av-k1esdala-d43109b1a99cb1851b097008ea4b997a\">\n#top .av_textblock_section.av-k1esdala-d43109b1a99cb1851b097008ea4b997a .avia_textblock{\nfont-size:20px;\n}\n<\/style>\n<section  class='av_textblock_section av-k1esdala-d43109b1a99cb1851b097008ea4b997a'  itemscope=\"itemscope\" itemtype=\"https:\/\/schema.org\/CreativeWork\" ><div class='avia_textblock'  itemprop=\"text\" ><p class=\"p1\"><span class=\"s1\">Da Babys und Kleinkinder ihre \u201cProbleme\u201c nicht genau schildern und zeigen k\u00f6nnen, liegt meine Aufgabe darin, sie sorgf\u00e4lltig mit meinen H\u00e4nden zu erkunden.Kr\u00e4fte die bei einer Geburt oder einem Sturz eingewirkt haben, k\u00f6nnen zu Blockaden und Verspannungen f\u00fchren.H\u00e4ufig resultierende St\u00f6rungen sind Vorzugshaltungen mit Sch\u00e4delasymmetrien (Plagiocephalus), Unruhezust\u00e4nden, Trink und Saugschw\u00e4che, Koliken sowie Tonusst\u00f6rungen (St\u00f6rungen in der K\u00f6rperspannung).<\/span><\/p>\n<\/div><\/section><\/p><\/div><div class='av-flex-placeholder'><\/div>\n<style type=\"text\/css\" data-created_by=\"avia_inline_auto\" id=\"style-css-av-k1eso6bs-a7ced684ee2bf919e97ce5e08d38022f\">\n#top .flex_column_table.av-equal-height-column-flextable.av-k1eso6bs-a7ced684ee2bf919e97ce5e08d38022f{\nmargin-top:0px;\nmargin-bottom:0px;\n}\n.flex_column.av-k1eso6bs-a7ced684ee2bf919e97ce5e08d38022f{\n-webkit-border-radius:0px 0px 0px 0px;\n-moz-border-radius:0px 0px 0px 0px;\nborder-radius:0px 0px 0px 0px;\npadding:0px 0px 0px 0px;\n}\n<\/style>\n<div class='flex_column av-k1eso6bs-a7ced684ee2bf919e97ce5e08d38022f av_one_half  avia-builder-el-10  el_after_av_one_half  avia-builder-el-last  flex_column_table_cell av-equal-height-column av-align-middle av-zero-column-padding '     ><style type=\"text\/css\" data-created_by=\"avia_inline_auto\" id=\"style-css-av-k1eshe3r-0553e5c3b50ea06b94bcb5c87e65eb23\">\n.avia-image-container.av-k1eshe3r-0553e5c3b50ea06b94bcb5c87e65eb23 img.avia_image{\nbox-shadow:none;\n}\n.avia-image-container.av-k1eshe3r-0553e5c3b50ea06b94bcb5c87e65eb23 .av-image-caption-overlay-center{\ncolor:#ffffff;\n}\n<\/style>\n<div  class='avia-image-container av-k1eshe3r-0553e5c3b50ea06b94bcb5c87e65eb23 av-styling-no-styling avia-align-right  avia-builder-el-11  avia-builder-el-no-sibling '   itemprop=\"image\" itemscope=\"itemscope\" itemtype=\"https:\/\/schema.org\/ImageObject\" ><div class=\"avia-image-container-inner\"><div class=\"avia-image-overlay-wrap\"><img class='wp-image-143 avia-img-lazy-loading-not-143 avia_image ' src='https:\/\/osteopathie-tratz.de\/wp-content\/uploads\/2019\/10\/photo-1491013516836-7db643ee125a-845x684.jpeg' alt='' title='photo-1491013516836-7db643ee125a'  height=\"684\" width=\"845\"  itemprop=\"thumbnailUrl\"  \/><\/div><\/div><\/div><\/div><\/div><!--close column table wrapper. Autoclose: 1 -->\n\n<\/div><\/div><\/div><!-- close content main div --><\/div><\/div>\n<style type=\"text\/css\" data-created_by=\"avia_inline_auto\" id=\"style-css-av-k1ervmml-024846475dde40e7ccbcec4cc377d743\">\n.avia-section.av-k1ervmml-024846475dde40e7ccbcec4cc377d743{\nmargin-top:0px;\nmargin-bottom:0px;\n}\n<\/style>\n<div id='av_section_3'  class='avia-section av-k1ervmml-024846475dde40e7ccbcec4cc377d743 main_color avia-section-no-padding avia-no-border-styling  avia-builder-el-12  el_after_av_section  avia-builder-el-last  avia-bg-style-scroll av-minimum-height av-minimum-height-custom  container_wrap fullsize'   data-av_minimum_height_px='550'><div class='container av-section-cont-open' style='height:550px'><div class='template-page content  av-content-full alpha units'><div class='post-entry post-entry-type-page post-entry-139'><div class='entry-content-wrapper clearfix'>\n<div class='flex_column_table av-w9i9-1bbd616688d32c2ba7fd81e26e80bc0d sc-av_one_half av-equal-height-column-flextable'>\n<style type=\"text\/css\" data-created_by=\"avia_inline_auto\" id=\"style-css-av-w9i9-1bbd616688d32c2ba7fd81e26e80bc0d\">\n#top .flex_column_table.av-equal-height-column-flextable.av-w9i9-1bbd616688d32c2ba7fd81e26e80bc0d{\nmargin-top:0px;\nmargin-bottom:0px;\n}\n.flex_column.av-w9i9-1bbd616688d32c2ba7fd81e26e80bc0d{\n-webkit-border-radius:0px 0px 0px 0px;\n-moz-border-radius:0px 0px 0px 0px;\nborder-radius:0px 0px 0px 0px;\npadding:0px 5% 0px 0px;\n}\n<\/style>\n<div class='flex_column av-w9i9-1bbd616688d32c2ba7fd81e26e80bc0d av_one_half  avia-builder-el-13  el_before_av_one_half  avia-builder-el-first  first flex_column_table_cell av-equal-height-column av-align-middle '     ><p>\n<style type=\"text\/css\" data-created_by=\"avia_inline_auto\" id=\"style-css-av-k1espahg-bfbf4fc4100b28b584bfd88509511a28\">\n#top .hr.av-k1espahg-bfbf4fc4100b28b584bfd88509511a28{\nmargin-top:0;\nmargin-bottom:10px;\n}\n.hr.av-k1espahg-bfbf4fc4100b28b584bfd88509511a28 .hr-inner{\nwidth:30px;\nborder-color:#008ad3;\n}\n<\/style>\n<div  class='hr av-k1espahg-bfbf4fc4100b28b584bfd88509511a28 hr-custom  avia-builder-el-14  el_before_av_textblock  avia-builder-el-first  hr-left hr-icon-no'><span class='hr-inner inner-border-av-border-fat'><span class=\"hr-inner-style\"><\/span><\/span><\/div><br \/>\n<section  class='av_textblock_section av-k1erwgz8-e654c1583fd0bf2990aab58adb408bd5'  itemscope=\"itemscope\" itemtype=\"https:\/\/schema.org\/CreativeWork\" ><div class='avia_textblock'  itemprop=\"text\" ><h2 class=\"p1\"><span class=\"s1\">Behandlung von S\u00e4uglingen und Kleinkindern<\/span><\/h2>\n<\/div><\/section><br \/>\n\n<style type=\"text\/css\" data-created_by=\"avia_inline_auto\" id=\"style-css-av-k1esdala-d43109b1a99cb1851b097008ea4b997a\">\n#top .av_textblock_section.av-k1esdala-d43109b1a99cb1851b097008ea4b997a .avia_textblock{\nfont-size:20px;\n}\n<\/style>\n<section  class='av_textblock_section av-k1esdala-d43109b1a99cb1851b097008ea4b997a'  itemscope=\"itemscope\" itemtype=\"https:\/\/schema.org\/CreativeWork\" ><div class='avia_textblock'  itemprop=\"text\" ><p class=\"p1\"><span class=\"s1\">Begonnen wird mit einem ausf\u00fchrlichen Anamnesegespr\u00e4ch, in dem die \u201cSt\u00f6rung\u201c, der Schwangerschaftsverlauf, der Geburtsverlauf, sowie die kindliche motorische Entwicklung ausf\u00fchrlich besprochen wird.<\/span><\/p>\n<p class=\"p1\"><span class=\"s1\">Im Anschluss wird bei einer ruhigen und entspannten Atmosph\u00e4re das Kind von Kopf bis Fu\u00df untersucht.Dazu wird mit sanften osteopathischen Griffen der Wirbels\u00e4ulenbereich, Kopfgelenke, Sch\u00e4del (Cranium),das Abdomen ( Bauchorgane) abgetastet und mit geschulten sanften Techniken behandelt.<\/span><\/p>\n<p class=\"p1\"><span class=\"s1\">In Abh\u00e4ngigkeit vom Befund bekommen Eltern \u00dcbungen oder ein Handling gezeigt.<\/span><\/p>\n<\/div><\/section><\/p><\/div><div class='av-flex-placeholder'><\/div>\n<style type=\"text\/css\" data-created_by=\"avia_inline_auto\" id=\"style-css-av-k1eso6bs-a7ced684ee2bf919e97ce5e08d38022f\">\n#top .flex_column_table.av-equal-height-column-flextable.av-k1eso6bs-a7ced684ee2bf919e97ce5e08d38022f{\nmargin-top:0px;\nmargin-bottom:0px;\n}\n.flex_column.av-k1eso6bs-a7ced684ee2bf919e97ce5e08d38022f{\n-webkit-border-radius:0px 0px 0px 0px;\n-moz-border-radius:0px 0px 0px 0px;\nborder-radius:0px 0px 0px 0px;\npadding:0px 0px 0px 0px;\n}\n<\/style>\n<div class='flex_column av-k1eso6bs-a7ced684ee2bf919e97ce5e08d38022f av_one_half  avia-builder-el-17  el_after_av_one_half  avia-builder-el-last  flex_column_table_cell av-equal-height-column av-align-middle av-zero-column-padding '     ><style type=\"text\/css\" data-created_by=\"avia_inline_auto\" id=\"style-css-av-k1eshe3r-008c0f44755aab22edcad692e95c6577\">\n.avia-image-container.av-k1eshe3r-008c0f44755aab22edcad692e95c6577 img.avia_image{\nbox-shadow:none;\n}\n.avia-image-container.av-k1eshe3r-008c0f44755aab22edcad692e95c6577 .av-image-caption-overlay-center{\ncolor:#ffffff;\n}\n<\/style>\n<div  class='avia-image-container av-k1eshe3r-008c0f44755aab22edcad692e95c6577 av-styling-no-styling avia-align-right  avia-builder-el-18  avia-builder-el-no-sibling '   itemprop=\"image\" itemscope=\"itemscope\" itemtype=\"https:\/\/schema.org\/ImageObject\" ><div class=\"avia-image-container-inner\"><div class=\"avia-image-overlay-wrap\"><img class='wp-image-146 avia-img-lazy-loading-not-146 avia_image ' src='https:\/\/osteopathie-tratz.de\/wp-content\/uploads\/2019\/10\/photo-1533483595632-c5f0e57a1936-845x684.jpeg' alt='' title='photo-1533483595632-c5f0e57a1936'  height=\"684\" width=\"845\"  itemprop=\"thumbnailUrl\"  \/><\/div><\/div><\/div><\/div><\/div><!--close column table wrapper. Autoclose: 1 -->\n\n","protected":false},"excerpt":{"rendered":"","protected":false},"author":1,"featured_media":0,"parent":25,"menu_order":0,"comment_status":"closed","ping_status":"closed","template":"","meta":[],"_links":{"self":[{"href":"https:\/\/osteopathie-tratz.de\/index.php?rest_route=\/wp\/v2\/pages\/139"}],"collection":[{"href":"https:\/\/osteopathie-tratz.de\/index.php?rest_route=\/wp\/v2\/pages"}],"about":[{"href":"https:\/\/osteopathie-tratz.de\/index.php?rest_route=\/wp\/v2\/types\/page"}],"author":[{"embeddable":true,"href":"https:\/\/osteopathie-tratz.de\/index.php?rest_route=\/wp\/v2\/users\/1"}],"replies":[{"embeddable":true,"href":"https:\/\/osteopathie-tratz.de\/index.php?rest_route=%2Fwp%2Fv2%2Fcomments&post=139"}],"version-history":[{"count":12,"href":"https:\/\/osteopathie-tratz.de\/index.php?rest_route=\/wp\/v2\/pages\/139\/revisions"}],"predecessor-version":[{"id":170,"href":"https:\/\/osteopathie-tratz.de\/index.php?rest_route=\/wp\/v2\/pages\/139\/revisions\/170"}],"up":[{"embeddable":true,"href":"https:\/\/osteopathie-tratz.de\/index.php?rest_route=\/wp\/v2\/pages\/25"}],"wp:attachment":[{"href":"https:\/\/osteopathie-tratz.de\/index.php?rest_route=%2Fwp%2Fv2%2Fmedia&parent=139"}],"curies":[{"name":"wp","href":"https:\/\/api.w.org\/{rel}","templated":true}]}}