{"id":13,"date":"2019-10-05T12:49:12","date_gmt":"2019-10-05T12:49:12","guid":{"rendered":"http:\/\/osteopathie-tratz.de\/?page_id=13"},"modified":"2019-11-06T15:56:29","modified_gmt":"2019-11-06T15:56:29","slug":"startseite","status":"publish","type":"page","link":"https:\/\/osteopathie-tratz.de\/","title":{"rendered":"Startseite"},"content":{"rendered":"\n<style type=\"text\/css\" data-created_by=\"avia_inline_auto\" id=\"style-css-av-k1dkh3dh-6fd8d39c2e677ee092491b1f8732cc58\">\n.avia-section.av-k1dkh3dh-6fd8d39c2e677ee092491b1f8732cc58{\nbackground-repeat:no-repeat;\nbackground-image:url(https:\/\/osteopathie-tratz.de\/wp-content\/uploads\/2019\/10\/header.png);\nbackground-position:0% 0%;\nbackground-attachment:scroll;\nmargin-top:2%;\nmargin-bottom:0;\n}\n<\/style>\n<div id='av_section_1'  class='avia-section av-k1dkh3dh-6fd8d39c2e677ee092491b1f8732cc58 main_color avia-section-no-padding avia-no-border-styling  avia-builder-el-0  el_before_av_section  avia-builder-el-first  avia-bg-style-scroll av-minimum-height av-minimum-height-custom  container_wrap fullsize'  data-section-bg-repeat='no-repeat' data-av_minimum_height_px='719'><div class=\"av-section-color-overlay-wrap\"><a href='#next-section' title='' class='scroll-down-link ' aria-hidden='true' data-av_icon='\ue877' data-av_iconfont='entypo-fontello'><\/a><div class='container av-section-cont-open' style='height:719px'><main  role=\"main\" itemprop=\"mainContentOfPage\"  class='template-page content  av-content-full alpha units'><div class='post-entry post-entry-type-page post-entry-13'><div class='entry-content-wrapper clearfix'>\n<div class='flex_column_table av-k1dkws07-97d91b8ccee90634f204aa32c7a2efc2 sc-av_three_fifth av-equal-height-column-flextable'>\n<style type=\"text\/css\" data-created_by=\"avia_inline_auto\" id=\"style-css-av-k1dkws07-97d91b8ccee90634f204aa32c7a2efc2\">\n.flex_column.av-k1dkws07-97d91b8ccee90634f204aa32c7a2efc2{\n-webkit-border-radius:0px 0px 0px 0px;\n-moz-border-radius:0px 0px 0px 0px;\nborder-radius:0px 0px 0px 0px;\npadding:0 0 0 30px;\n}\n<\/style>\n<div class='flex_column av-k1dkws07-97d91b8ccee90634f204aa32c7a2efc2 av_three_fifth  avia-builder-el-1  el_before_av_one_third  avia-builder-el-first  first no_margin flex_column_table_cell av-equal-height-column av-align-middle '     ><p>\n<style type=\"text\/css\" data-created_by=\"avia_inline_auto\" id=\"style-css-av-k1dlb5ef-85206bec5e93d5ad3bf10aa17f675a9f\">\n#top .hr.av-k1dlb5ef-85206bec5e93d5ad3bf10aa17f675a9f{\nmargin-top:30px;\nmargin-bottom:10px;\n}\n.hr.av-k1dlb5ef-85206bec5e93d5ad3bf10aa17f675a9f .hr-inner{\nwidth:30px;\nborder-color:#ffffff;\n}\n<\/style>\n<div  class='hr av-k1dlb5ef-85206bec5e93d5ad3bf10aa17f675a9f hr-custom  avia-builder-el-2  el_before_av_textblock  avia-builder-el-first  hr-left hr-icon-no'><span class='hr-inner inner-border-av-border-fat'><span class=\"hr-inner-style\"><\/span><\/span><\/div><br \/>\n\n<style type=\"text\/css\" data-created_by=\"avia_inline_auto\" id=\"style-css-av-k1dktvl6-51fa2e473c0720a59f9d9dab8d87a1a7\">\n#top .av_textblock_section.av-k1dktvl6-51fa2e473c0720a59f9d9dab8d87a1a7 .avia_textblock{\nfont-size:40px;\ncolor:#ffffff;\n}\n<\/style>\n<section  class='av_textblock_section av-k1dktvl6-51fa2e473c0720a59f9d9dab8d87a1a7'  itemscope=\"itemscope\" itemtype=\"https:\/\/schema.org\/CreativeWork\" ><div class='avia_textblock av_inherit_color'  itemprop=\"text\" ><h1 class=\"p1\"><span class=\"s1\"><b>Willkommen in meiner Praxis f\u00fcr Osteopathie im Herzen von K\u00f6ln-Marienburg.<\/b><\/span><\/h1>\n<\/div><\/section><\/p><\/div>\n<style type=\"text\/css\" data-created_by=\"avia_inline_auto\" id=\"style-css-av-10gct-1e4aeada90caa29f839d90b33e8392d6\">\n.flex_column.av-10gct-1e4aeada90caa29f839d90b33e8392d6{\n-webkit-border-radius:0px 0px 0px 0px;\n-moz-border-radius:0px 0px 0px 0px;\nborder-radius:0px 0px 0px 0px;\npadding:0px 0px 0px 0px;\n}\n<\/style>\n<div class='flex_column av-10gct-1e4aeada90caa29f839d90b33e8392d6 av_one_third  avia-builder-el-4  el_after_av_three_fifth  avia-builder-el-last  no_margin flex_column_table_cell av-equal-height-column av-align-middle av-zero-column-padding '     ><\/div><\/div><!--close column table wrapper. Autoclose: 1 -->\n\n<\/div><\/div><\/main><!-- close content main element --><\/div><\/div><\/div>\n<style type=\"text\/css\" data-created_by=\"avia_inline_auto\" id=\"style-css-av-k1ervmml-024846475dde40e7ccbcec4cc377d743\">\n.avia-section.av-k1ervmml-024846475dde40e7ccbcec4cc377d743{\nmargin-top:0px;\nmargin-bottom:0px;\n}\n<\/style>\n<div id='av_section_2'  class='avia-section av-k1ervmml-024846475dde40e7ccbcec4cc377d743 main_color avia-section-no-padding avia-no-border-styling  avia-builder-el-5  el_after_av_section  el_before_av_section  avia-bg-style-scroll av-minimum-height av-minimum-height-custom  container_wrap fullsize'   data-av_minimum_height_px='550'><div class='container av-section-cont-open' style='height:550px'><div class='template-page content  av-content-full alpha units'><div class='post-entry post-entry-type-page post-entry-13'><div class='entry-content-wrapper clearfix'>\n<div class='flex_column_table av-w9i9-1bbd616688d32c2ba7fd81e26e80bc0d sc-av_one_half av-equal-height-column-flextable'>\n<style type=\"text\/css\" data-created_by=\"avia_inline_auto\" id=\"style-css-av-w9i9-1bbd616688d32c2ba7fd81e26e80bc0d\">\n#top .flex_column_table.av-equal-height-column-flextable.av-w9i9-1bbd616688d32c2ba7fd81e26e80bc0d{\nmargin-top:0px;\nmargin-bottom:0px;\n}\n.flex_column.av-w9i9-1bbd616688d32c2ba7fd81e26e80bc0d{\n-webkit-border-radius:0px 0px 0px 0px;\n-moz-border-radius:0px 0px 0px 0px;\nborder-radius:0px 0px 0px 0px;\npadding:0px 5% 0px 0px;\n}\n<\/style>\n<div class='flex_column av-w9i9-1bbd616688d32c2ba7fd81e26e80bc0d av_one_half  avia-builder-el-6  el_before_av_one_half  avia-builder-el-first  first flex_column_table_cell av-equal-height-column av-align-middle '     ><p>\n<style type=\"text\/css\" data-created_by=\"avia_inline_auto\" id=\"style-css-av-k1espahg-bfbf4fc4100b28b584bfd88509511a28\">\n#top .hr.av-k1espahg-bfbf4fc4100b28b584bfd88509511a28{\nmargin-top:0;\nmargin-bottom:10px;\n}\n.hr.av-k1espahg-bfbf4fc4100b28b584bfd88509511a28 .hr-inner{\nwidth:30px;\nborder-color:#008ad3;\n}\n<\/style>\n<div  class='hr av-k1espahg-bfbf4fc4100b28b584bfd88509511a28 hr-custom  avia-builder-el-7  el_before_av_textblock  avia-builder-el-first  hr-left hr-icon-no'><span class='hr-inner inner-border-av-border-fat'><span class=\"hr-inner-style\"><\/span><\/span><\/div><br \/>\n<section  class='av_textblock_section av-k1erwgz8-e654c1583fd0bf2990aab58adb408bd5'  itemscope=\"itemscope\" itemtype=\"https:\/\/schema.org\/CreativeWork\" ><div class='avia_textblock'  itemprop=\"text\" ><h2 class=\"p1\">Heilpraktiker mit Schwerpunkt Osteopathie in K\u00f6ln<\/h2>\n<\/div><\/section><br \/>\n\n<style type=\"text\/css\" data-created_by=\"avia_inline_auto\" id=\"style-css-av-k1esdala-d43109b1a99cb1851b097008ea4b997a\">\n#top .av_textblock_section.av-k1esdala-d43109b1a99cb1851b097008ea4b997a .avia_textblock{\nfont-size:20px;\n}\n<\/style>\n<section  class='av_textblock_section av-k1esdala-d43109b1a99cb1851b097008ea4b997a'  itemscope=\"itemscope\" itemtype=\"https:\/\/schema.org\/CreativeWork\" ><div class='avia_textblock'  itemprop=\"text\" ><p class=\"p1\"><span class=\"s1\">Als qualifizierter Osteopath und ausgebildeter Heilpraktiker freue ich mich darauf, Sie pers\u00f6nlich in meiner Praxis in K\u00f6ln-Marienburg kennenlernen zu d\u00fcrfen. Auf meiner Website finden Sie relevante Informationen zu meiner Person und meinem Werdegang, sowie zu meinen Behandlungen in Osteopathie, S\u00e4uglings- und Kinderosteopathie und Faszientherapie.<\/span><\/p>\n<\/div><\/section><br \/>\n\n<style type=\"text\/css\" data-created_by=\"avia_inline_auto\" id=\"style-css-av-k1ghad57-5258e3c83983493529c35bd3787e1a6b\">\n#top .hr.hr-invisible.av-k1ghad57-5258e3c83983493529c35bd3787e1a6b{\nheight:20px;\n}\n<\/style>\n<div  class='hr av-k1ghad57-5258e3c83983493529c35bd3787e1a6b hr-invisible  avia-builder-el-10  el_after_av_textblock  el_before_av_button '><span class='hr-inner '><span class=\"hr-inner-style\"><\/span><\/span><\/div><br \/>\n<div  class='avia-button-wrap av-k1gh7dwj-f02a2efca75fb638658792293404a215-wrap avia-button-left  avia-builder-el-11  el_after_av_hr  avia-builder-el-last '>\n<style type=\"text\/css\" data-created_by=\"avia_inline_auto\" id=\"style-css-av-k1gh7dwj-f02a2efca75fb638658792293404a215\">\n#top #wrap_all .avia-button.av-k1gh7dwj-f02a2efca75fb638658792293404a215{\nbackground-color:#008ad3;\nborder-color:#008ad3;\ncolor:#ffffff;\n-webkit-transition:all 0.4s ease-in-out;\n-moz-transition:all 0.4s ease-in-out;\n-ms-transition:all 0.4s ease-in-out;\n-o-transition:all 0.4s ease-in-out;\ntransition:all 0.4s ease-in-out;\n}\n<\/style>\n<a href='https:\/\/osteopathie-tratz.de\/?page_id=27'  class='avia-button av-k1gh7dwj-f02a2efca75fb638658792293404a215 avia-icon_select-no avia-size-large avia-position-left'  ><span class='avia_iconbox_title' >Mehr erfahren<\/span><\/a><\/div><\/p><\/div><div class='av-flex-placeholder'><\/div>\n<style type=\"text\/css\" data-created_by=\"avia_inline_auto\" id=\"style-css-av-k1eso6bs-a7ced684ee2bf919e97ce5e08d38022f\">\n#top .flex_column_table.av-equal-height-column-flextable.av-k1eso6bs-a7ced684ee2bf919e97ce5e08d38022f{\nmargin-top:0px;\nmargin-bottom:0px;\n}\n.flex_column.av-k1eso6bs-a7ced684ee2bf919e97ce5e08d38022f{\n-webkit-border-radius:0px 0px 0px 0px;\n-moz-border-radius:0px 0px 0px 0px;\nborder-radius:0px 0px 0px 0px;\npadding:0px 0px 0px 0px;\n}\n<\/style>\n<div class='flex_column av-k1eso6bs-a7ced684ee2bf919e97ce5e08d38022f av_one_half  avia-builder-el-12  el_after_av_one_half  avia-builder-el-last  flex_column_table_cell av-equal-height-column av-align-middle av-zero-column-padding '     ><style type=\"text\/css\" data-created_by=\"avia_inline_auto\" id=\"style-css-av-k1eshe3r-878c0f87a42f82bac5c6a6a93ad340ab\">\n.avia-image-container.av-k1eshe3r-878c0f87a42f82bac5c6a6a93ad340ab img.avia_image{\nbox-shadow:none;\n}\n.avia-image-container.av-k1eshe3r-878c0f87a42f82bac5c6a6a93ad340ab .av-image-caption-overlay-center{\ncolor:#ffffff;\n}\n<\/style>\n<div  class='avia-image-container av-k1eshe3r-878c0f87a42f82bac5c6a6a93ad340ab av-styling-no-styling avia-align-right  avia-builder-el-13  avia-builder-el-no-sibling '   itemprop=\"image\" itemscope=\"itemscope\" itemtype=\"https:\/\/schema.org\/ImageObject\" ><div class=\"avia-image-container-inner\"><div class=\"avia-image-overlay-wrap\"><img class='wp-image-102 avia-img-lazy-loading-not-102 avia_image ' src='https:\/\/osteopathie-tratz.de\/wp-content\/uploads\/2019\/10\/Olaf_Tratz_Profil-final3.jpg' alt='' title='Olaf_Tratz_Profil-final3'  height=\"620\" width=\"663\"  itemprop=\"thumbnailUrl\"  \/><\/div><\/div><\/div><\/div><\/div><!--close column table wrapper. Autoclose: 1 --><\/div><\/div><\/div><!-- close content main div --><\/div><\/div>\n<style type=\"text\/css\" data-created_by=\"avia_inline_auto\" id=\"style-css-av-1rint-aae89295f1e860420b913804a79fab9d\">\n.avia-section.av-1rint-aae89295f1e860420b913804a79fab9d{\nbackground-color:#f4f4f4;\nbackground-image:unset;\n}\n<\/style>\n<div id='av_section_3'  class='avia-section av-1rint-aae89295f1e860420b913804a79fab9d main_color avia-section-large avia-no-border-styling  avia-builder-el-14  el_after_av_section  avia-builder-el-last  avia-bg-style-scroll container_wrap fullsize'  ><div class='container av-section-cont-open' ><div class='template-page content  av-content-full alpha units'><div class='post-entry post-entry-type-page post-entry-13'><div class='entry-content-wrapper clearfix'>\n\n<style type=\"text\/css\" data-created_by=\"avia_inline_auto\" id=\"style-css-av-12o7t-8e9a42ae6822818816fd0bcc482e71ba\">\n.flex_column.av-12o7t-8e9a42ae6822818816fd0bcc482e71ba{\n-webkit-border-radius:0px 0px 0px 0px;\n-moz-border-radius:0px 0px 0px 0px;\nborder-radius:0px 0px 0px 0px;\npadding:0px 0px 0px 0px;\n}\n<\/style>\n<div class='flex_column av-12o7t-8e9a42ae6822818816fd0bcc482e71ba av_one_full  avia-builder-el-15  el_before_av_hr  avia-builder-el-first  first flex_column_div av-zero-column-padding '     ><p>\n<style type=\"text\/css\" data-created_by=\"avia_inline_auto\" id=\"style-css-av-k1espahg-bfbf4fc4100b28b584bfd88509511a28\">\n#top .hr.av-k1espahg-bfbf4fc4100b28b584bfd88509511a28{\nmargin-top:0;\nmargin-bottom:10px;\n}\n.hr.av-k1espahg-bfbf4fc4100b28b584bfd88509511a28 .hr-inner{\nwidth:30px;\nborder-color:#008ad3;\n}\n<\/style>\n<div  class='hr av-k1espahg-bfbf4fc4100b28b584bfd88509511a28 hr-custom  avia-builder-el-16  el_before_av_textblock  avia-builder-el-first  hr-left hr-icon-no'><span class='hr-inner inner-border-av-border-fat'><span class=\"hr-inner-style\"><\/span><\/span><\/div><br \/>\n<section  class='av_textblock_section av-k1erwgz8-e654c1583fd0bf2990aab58adb408bd5'  itemscope=\"itemscope\" itemtype=\"https:\/\/schema.org\/CreativeWork\" ><div class='avia_textblock'  itemprop=\"text\" ><h2 class=\"p1\"><span class=\"s1\"><b>Meine Leistungen im \u00dcberblick<\/b><\/span><\/h2>\n<\/div><\/section><\/p><\/div>\n<style type=\"text\/css\" data-created_by=\"avia_inline_auto\" id=\"style-css-av-k1ghad57-47a492919d237659e207d04d83cad14c\">\n#top .hr.hr-invisible.av-k1ghad57-47a492919d237659e207d04d83cad14c{\nheight:50px;\n}\n<\/style>\n<div  class='hr av-k1ghad57-47a492919d237659e207d04d83cad14c hr-invisible  avia-builder-el-18  el_after_av_one_full  el_before_av_one_third '><span class='hr-inner '><span class=\"hr-inner-style\"><\/span><\/span><\/div>\n<div class='flex_column_table av-k1gh55sr-d2aa9f0fe9c5b61913221439ab9eec97 sc-av_one_third av-equal-height-column-flextable'>\n<style type=\"text\/css\" data-created_by=\"avia_inline_auto\" id=\"style-css-av-k1gh55sr-d2aa9f0fe9c5b61913221439ab9eec97\">\n.flex_column.av-k1gh55sr-d2aa9f0fe9c5b61913221439ab9eec97{\n-webkit-border-radius:0px 0px 0px 0px;\n-moz-border-radius:0px 0px 0px 0px;\nborder-radius:0px 0px 0px 0px;\npadding:2% 2% 2% 2%;\nbackground-color:#ffffff;\n}\n<\/style>\n<div class='flex_column av-k1gh55sr-d2aa9f0fe9c5b61913221439ab9eec97 av_one_third  avia-builder-el-19  el_after_av_hr  el_before_av_one_third  first flex_column_table_cell av-equal-height-column av-align-top '     ><p>\n<style type=\"text\/css\" data-created_by=\"avia_inline_auto\" id=\"style-css-av-k1espahg-bfbf4fc4100b28b584bfd88509511a28\">\n#top .hr.av-k1espahg-bfbf4fc4100b28b584bfd88509511a28{\nmargin-top:0;\nmargin-bottom:10px;\n}\n.hr.av-k1espahg-bfbf4fc4100b28b584bfd88509511a28 .hr-inner{\nwidth:30px;\nborder-color:#008ad3;\n}\n<\/style>\n<div  class='hr av-k1espahg-bfbf4fc4100b28b584bfd88509511a28 hr-custom  avia-builder-el-20  el_before_av_textblock  avia-builder-el-first  hr-left hr-icon-no'><span class='hr-inner inner-border-av-border-fat'><span class=\"hr-inner-style\"><\/span><\/span><\/div><br \/>\n\n<style type=\"text\/css\" data-created_by=\"avia_inline_auto\" id=\"style-css-av-k1erwgz8-087f941e5d60fd99017df35c718ae5dd\">\n#top .av_textblock_section.av-k1erwgz8-087f941e5d60fd99017df35c718ae5dd .avia_textblock{\ncolor:#454547;\n}\n<\/style>\n<section  class='av_textblock_section av-k1erwgz8-087f941e5d60fd99017df35c718ae5dd'  itemscope=\"itemscope\" itemtype=\"https:\/\/schema.org\/CreativeWork\" ><div class='avia_textblock av_inherit_color'  itemprop=\"text\" ><h3><strong><span class=\"s1\">Osteopathie f\u00fcr Erwachsene<\/span><\/strong><\/h3>\n<\/div><\/section><br \/>\n\n<style type=\"text\/css\" data-created_by=\"avia_inline_auto\" id=\"style-css-av-k1esdala-d43109b1a99cb1851b097008ea4b997a\">\n#top .av_textblock_section.av-k1esdala-d43109b1a99cb1851b097008ea4b997a .avia_textblock{\nfont-size:20px;\n}\n<\/style>\n<section  class='av_textblock_section av-k1esdala-d43109b1a99cb1851b097008ea4b997a'  itemscope=\"itemscope\" itemtype=\"https:\/\/schema.org\/CreativeWork\" ><div class='avia_textblock'  itemprop=\"text\" ><p class=\"p1\"><span class=\"s1\">Der Osteopath untersucht mit seinen geschulten H\u00e4nden das Gewebe Schicht f\u00fcr Schicht und sp\u00fcrt Spannungsmuster auf.<\/span><\/p>\n<\/div><\/section><br \/>\n\n<style type=\"text\/css\" data-created_by=\"avia_inline_auto\" id=\"style-css-av-k1ghad57-ebad91997e68535eeb660a4ccc868952\">\n#top .hr.hr-invisible.av-k1ghad57-ebad91997e68535eeb660a4ccc868952{\nheight:60px;\n}\n<\/style>\n<div  class='hr av-k1ghad57-ebad91997e68535eeb660a4ccc868952 hr-invisible  avia-builder-el-23  el_after_av_textblock  el_before_av_button '><span class='hr-inner '><span class=\"hr-inner-style\"><\/span><\/span><\/div><br \/>\n<div  class='avia-button-wrap av-k1gh7dwj-48eb22684caf2d5f171275f912700c90-wrap avia-button-left  avia-builder-el-24  el_after_av_hr  avia-builder-el-last '>\n<style type=\"text\/css\" data-created_by=\"avia_inline_auto\" id=\"style-css-av-k1gh7dwj-48eb22684caf2d5f171275f912700c90\">\n#top #wrap_all .avia-button.av-k1gh7dwj-48eb22684caf2d5f171275f912700c90{\nbackground-color:#008ad3;\nborder-color:#008ad3;\ncolor:#ffffff;\n-webkit-transition:all 0.4s ease-in-out;\n-moz-transition:all 0.4s ease-in-out;\n-ms-transition:all 0.4s ease-in-out;\n-o-transition:all 0.4s ease-in-out;\ntransition:all 0.4s ease-in-out;\n}\n<\/style>\n<a href='https:\/\/osteopathie-tratz.de\/?page_id=124'  class='avia-button av-k1gh7dwj-48eb22684caf2d5f171275f912700c90 avia-icon_select-no avia-size-large avia-position-left'  ><span class='avia_iconbox_title' >Mehr erfahren<\/span><\/a><\/div><\/p><\/div><div class='av-flex-placeholder'><\/div>\n<style type=\"text\/css\" data-created_by=\"avia_inline_auto\" id=\"style-css-av-k1gh55sr-c9747175eb66c759cd49834cce0750bf\">\n.flex_column.av-k1gh55sr-c9747175eb66c759cd49834cce0750bf{\n-webkit-border-radius:0px 0px 0px 0px;\n-moz-border-radius:0px 0px 0px 0px;\nborder-radius:0px 0px 0px 0px;\npadding:2% 2% 2% 2%;\nbackground-color:#ffffff;\n}\n<\/style>\n<div class='flex_column av-k1gh55sr-c9747175eb66c759cd49834cce0750bf av_one_third  avia-builder-el-25  el_after_av_one_third  el_before_av_one_third  flex_column_table_cell av-equal-height-column av-align-top '     ><p>\n<style type=\"text\/css\" data-created_by=\"avia_inline_auto\" id=\"style-css-av-k1espahg-bfbf4fc4100b28b584bfd88509511a28\">\n#top .hr.av-k1espahg-bfbf4fc4100b28b584bfd88509511a28{\nmargin-top:0;\nmargin-bottom:10px;\n}\n.hr.av-k1espahg-bfbf4fc4100b28b584bfd88509511a28 .hr-inner{\nwidth:30px;\nborder-color:#008ad3;\n}\n<\/style>\n<div  class='hr av-k1espahg-bfbf4fc4100b28b584bfd88509511a28 hr-custom  avia-builder-el-26  el_before_av_textblock  avia-builder-el-first  hr-left hr-icon-no'><span class='hr-inner inner-border-av-border-fat'><span class=\"hr-inner-style\"><\/span><\/span><\/div><br \/>\n\n<style type=\"text\/css\" data-created_by=\"avia_inline_auto\" id=\"style-css-av-k1erwgz8-087f941e5d60fd99017df35c718ae5dd\">\n#top .av_textblock_section.av-k1erwgz8-087f941e5d60fd99017df35c718ae5dd .avia_textblock{\ncolor:#454547;\n}\n<\/style>\n<section  class='av_textblock_section av-k1erwgz8-087f941e5d60fd99017df35c718ae5dd'  itemscope=\"itemscope\" itemtype=\"https:\/\/schema.org\/CreativeWork\" ><div class='avia_textblock av_inherit_color'  itemprop=\"text\" ><h3 class=\"p1\"><span class=\"s1\"><b>Osteopathie f\u00fcr S\u00e4uglinge<\/b><\/span><\/h3>\n<\/div><\/section><br \/>\n\n<style type=\"text\/css\" data-created_by=\"avia_inline_auto\" id=\"style-css-av-k1esdala-d43109b1a99cb1851b097008ea4b997a\">\n#top .av_textblock_section.av-k1esdala-d43109b1a99cb1851b097008ea4b997a .avia_textblock{\nfont-size:20px;\n}\n<\/style>\n<section  class='av_textblock_section av-k1esdala-d43109b1a99cb1851b097008ea4b997a'  itemscope=\"itemscope\" itemtype=\"https:\/\/schema.org\/CreativeWork\" ><div class='avia_textblock'  itemprop=\"text\" ><p class=\"p1\"><span class=\"s1\">Da Babys und Kleinkinder ihre \u201eProbleme\u201c nicht genau schildern und zeigen k\u00f6nnen, liegt meine Aufgabe darin, sie sorgf\u00e4lltig mit meinen H\u00e4nden zu erkunden.<\/span><\/p>\n<\/div><\/section><br \/>\n\n<style type=\"text\/css\" data-created_by=\"avia_inline_auto\" id=\"style-css-av-k1ghad57-c476e6d5fbf9434c33fa58103089cf31\">\n#top .hr.hr-invisible.av-k1ghad57-c476e6d5fbf9434c33fa58103089cf31{\nheight:30px;\n}\n<\/style>\n<div  class='hr av-k1ghad57-c476e6d5fbf9434c33fa58103089cf31 hr-invisible  avia-builder-el-29  el_after_av_textblock  el_before_av_button '><span class='hr-inner '><span class=\"hr-inner-style\"><\/span><\/span><\/div><br \/>\n<div  class='avia-button-wrap av-k1gh7dwj-5ebbfbb4aedf055a102440f4d42680e6-wrap avia-button-left  avia-builder-el-30  el_after_av_hr  avia-builder-el-last '>\n<style type=\"text\/css\" data-created_by=\"avia_inline_auto\" id=\"style-css-av-k1gh7dwj-5ebbfbb4aedf055a102440f4d42680e6\">\n#top #wrap_all .avia-button.av-k1gh7dwj-5ebbfbb4aedf055a102440f4d42680e6{\nbackground-color:#008ad3;\nborder-color:#008ad3;\ncolor:#ffffff;\n-webkit-transition:all 0.4s ease-in-out;\n-moz-transition:all 0.4s ease-in-out;\n-ms-transition:all 0.4s ease-in-out;\n-o-transition:all 0.4s ease-in-out;\ntransition:all 0.4s ease-in-out;\n}\n<\/style>\n<a href='https:\/\/osteopathie-tratz.de\/?page_id=139'  class='avia-button av-k1gh7dwj-5ebbfbb4aedf055a102440f4d42680e6 avia-icon_select-no avia-size-large avia-position-left'  ><span class='avia_iconbox_title' >Mehr erfahren<\/span><\/a><\/div><\/p><\/div><div class='av-flex-placeholder'><\/div>\n<style type=\"text\/css\" data-created_by=\"avia_inline_auto\" id=\"style-css-av-k1gh55sr-c9747175eb66c759cd49834cce0750bf\">\n.flex_column.av-k1gh55sr-c9747175eb66c759cd49834cce0750bf{\n-webkit-border-radius:0px 0px 0px 0px;\n-moz-border-radius:0px 0px 0px 0px;\nborder-radius:0px 0px 0px 0px;\npadding:2% 2% 2% 2%;\nbackground-color:#ffffff;\n}\n<\/style>\n<div class='flex_column av-k1gh55sr-c9747175eb66c759cd49834cce0750bf av_one_third  avia-builder-el-31  el_after_av_one_third  avia-builder-el-last  flex_column_table_cell av-equal-height-column av-align-top '     ><p>\n<style type=\"text\/css\" data-created_by=\"avia_inline_auto\" id=\"style-css-av-k1espahg-bfbf4fc4100b28b584bfd88509511a28\">\n#top .hr.av-k1espahg-bfbf4fc4100b28b584bfd88509511a28{\nmargin-top:0;\nmargin-bottom:10px;\n}\n.hr.av-k1espahg-bfbf4fc4100b28b584bfd88509511a28 .hr-inner{\nwidth:30px;\nborder-color:#008ad3;\n}\n<\/style>\n<div  class='hr av-k1espahg-bfbf4fc4100b28b584bfd88509511a28 hr-custom  avia-builder-el-32  el_before_av_textblock  avia-builder-el-first  hr-left hr-icon-no'><span class='hr-inner inner-border-av-border-fat'><span class=\"hr-inner-style\"><\/span><\/span><\/div><br \/>\n\n<style type=\"text\/css\" data-created_by=\"avia_inline_auto\" id=\"style-css-av-k1erwgz8-087f941e5d60fd99017df35c718ae5dd\">\n#top .av_textblock_section.av-k1erwgz8-087f941e5d60fd99017df35c718ae5dd .avia_textblock{\ncolor:#454547;\n}\n<\/style>\n<section  class='av_textblock_section av-k1erwgz8-087f941e5d60fd99017df35c718ae5dd'  itemscope=\"itemscope\" itemtype=\"https:\/\/schema.org\/CreativeWork\" ><div class='avia_textblock av_inherit_color'  itemprop=\"text\" ><h3 class=\"p1\"><span class=\"s1\"><b>Manuelle Therapie<\/b><\/span><\/h3>\n<\/div><\/section><br \/>\n\n<style type=\"text\/css\" data-created_by=\"avia_inline_auto\" id=\"style-css-av-k1esdala-d43109b1a99cb1851b097008ea4b997a\">\n#top .av_textblock_section.av-k1esdala-d43109b1a99cb1851b097008ea4b997a .avia_textblock{\nfont-size:20px;\n}\n<\/style>\n<section  class='av_textblock_section av-k1esdala-d43109b1a99cb1851b097008ea4b997a'  itemscope=\"itemscope\" itemtype=\"https:\/\/schema.org\/CreativeWork\" ><div class='avia_textblock'  itemprop=\"text\" ><p class=\"p1\"><span class=\"s1\">Manuelle Therapie ist die Behandlung von Gelenksblockaden und ihren muskul\u00e4ren Fehlspannungen durch gezielte segmentale Mobilisation.<\/span><\/p>\n<\/div><\/section><br \/>\n\n<style type=\"text\/css\" data-created_by=\"avia_inline_auto\" id=\"style-css-av-k1ghad57-c476e6d5fbf9434c33fa58103089cf31\">\n#top .hr.hr-invisible.av-k1ghad57-c476e6d5fbf9434c33fa58103089cf31{\nheight:30px;\n}\n<\/style>\n<div  class='hr av-k1ghad57-c476e6d5fbf9434c33fa58103089cf31 hr-invisible  avia-builder-el-35  el_after_av_textblock  el_before_av_button '><span class='hr-inner '><span class=\"hr-inner-style\"><\/span><\/span><\/div><br \/>\n<div  class='avia-button-wrap av-k1gh7dwj-cce88fa938b482d52e656484b2e8f766-wrap avia-button-left  avia-builder-el-36  el_after_av_hr  avia-builder-el-last '>\n<style type=\"text\/css\" data-created_by=\"avia_inline_auto\" id=\"style-css-av-k1gh7dwj-cce88fa938b482d52e656484b2e8f766\">\n#top #wrap_all .avia-button.av-k1gh7dwj-cce88fa938b482d52e656484b2e8f766{\nbackground-color:#008ad3;\nborder-color:#008ad3;\ncolor:#ffffff;\n-webkit-transition:all 0.4s ease-in-out;\n-moz-transition:all 0.4s ease-in-out;\n-ms-transition:all 0.4s ease-in-out;\n-o-transition:all 0.4s ease-in-out;\ntransition:all 0.4s ease-in-out;\n}\n<\/style>\n<a href='https:\/\/osteopathie-tratz.de\/?page_id=189'  class='avia-button av-k1gh7dwj-cce88fa938b482d52e656484b2e8f766 avia-icon_select-no avia-size-large avia-position-left'  ><span class='avia_iconbox_title' >Mehr erfahren<\/span><\/a><\/div><\/p><\/div><\/div><!--close column table wrapper. Autoclose: 1 --><\/p>\n","protected":false},"excerpt":{"rendered":"","protected":false},"author":1,"featured_media":0,"parent":0,"menu_order":0,"comment_status":"closed","ping_status":"closed","template":"","meta":[],"_links":{"self":[{"href":"https:\/\/osteopathie-tratz.de\/index.php?rest_route=\/wp\/v2\/pages\/13"}],"collection":[{"href":"https:\/\/osteopathie-tratz.de\/index.php?rest_route=\/wp\/v2\/pages"}],"about":[{"href":"https:\/\/osteopathie-tratz.de\/index.php?rest_route=\/wp\/v2\/types\/page"}],"author":[{"embeddable":true,"href":"https:\/\/osteopathie-tratz.de\/index.php?rest_route=\/wp\/v2\/users\/1"}],"replies":[{"embeddable":true,"href":"https:\/\/osteopathie-tratz.de\/index.php?rest_route=%2Fwp%2Fv2%2Fcomments&post=13"}],"version-history":[{"count":61,"href":"https:\/\/osteopathie-tratz.de\/index.php?rest_route=\/wp\/v2\/pages\/13\/revisions"}],"predecessor-version":[{"id":212,"href":"https:\/\/osteopathie-tratz.de\/index.php?rest_route=\/wp\/v2\/pages\/13\/revisions\/212"}],"wp:attachment":[{"href":"https:\/\/osteopathie-tratz.de\/index.php?rest_route=%2Fwp%2Fv2%2Fmedia&parent=13"}],"curies":[{"name":"wp","href":"https:\/\/api.w.org\/{rel}","templated":true}]}}